{"id":395,"date":"2021-05-07T07:11:09","date_gmt":"2021-05-07T07:11:09","guid":{"rendered":"https:\/\/nordicalrent.ee\/home\/"},"modified":"2026-02-04T18:57:40","modified_gmt":"2026-02-04T18:57:40","slug":"avaleht","status":"publish","type":"page","link":"https:\/\/www.nordicalrent.ee\/en\/","title":{"rendered":"Home"},"content":{"rendered":"<div data-elementor-type=\"wp-page\" data-elementor-id=\"395\" class=\"elementor elementor-395\">\n\t\t\t\t\t\t<section class=\"elementor-section elementor-top-section elementor-element elementor-element-05a150d elementor-section-height-min-height elementor-section-boxed elementor-section-height-default elementor-section-items-middle\" data-id=\"05a150d\" data-element_type=\"section\" data-settings=\"{&quot;background_background&quot;:&quot;classic&quot;}\">\n\t\t\t\t\t\t\t<div class=\"elementor-background-overlay\"><\/div>\n\t\t\t\t\t\t\t<div class=\"elementor-container elementor-column-gap-no\">\n\t\t\t\t\t<div class=\"elementor-column elementor-col-100 elementor-top-column elementor-element elementor-element-15a26f7\" data-id=\"15a26f7\" data-element_type=\"column\">\n\t\t\t<div class=\"elementor-widget-wrap elementor-element-populated\">\n\t\t\t\t\t\t<div class=\"elementor-element elementor-element-6ad8375 elementor-widget elementor-widget-heading\" data-id=\"6ad8375\" data-element_type=\"widget\" data-widget_type=\"heading.default\">\n\t\t\t\t<div class=\"elementor-widget-container\">\n\t\t\t\t\t<h1 class=\"elementor-heading-title elementor-size-default\">The vacation You need to have!<\/h1>\t\t\t\t<\/div>\n\t\t\t\t<\/div>\n\t\t\t\t<div class=\"elementor-element elementor-element-13fd77c elementor-align-center elementor-widget elementor-widget-button\" data-id=\"13fd77c\" data-element_type=\"widget\" data-widget_type=\"button.default\">\n\t\t\t\t<div class=\"elementor-widget-container\">\n\t\t\t\t\t\t\t\t\t<div class=\"elementor-button-wrapper\">\n\t\t\t\t\t<a class=\"elementor-button elementor-button-link elementor-size-sm\" href=\"https:\/\/www.nordicalrent.ee\/en\/broneering\/\">\n\t\t\t\t\t\t<span class=\"elementor-button-content-wrapper\">\n\t\t\t\t\t\t\t\t\t<span class=\"elementor-button-text\">BOOK ACCOMMODATION<\/span>\n\t\t\t\t\t<\/span>\n\t\t\t\t\t<\/a>\n\t\t\t\t<\/div>\n\t\t\t\t\t\t\t\t<\/div>\n\t\t\t\t<\/div>\n\t\t\t\t\t<\/div>\n\t\t<\/div>\n\t\t\t\t\t<\/div>\n\t\t<\/section>\n\t\t\t\t<section class=\"elementor-section elementor-top-section elementor-element elementor-element-42db9e5 elementor-section-boxed elementor-section-height-default elementor-section-height-default\" data-id=\"42db9e5\" data-element_type=\"section\">\n\t\t\t\t\t\t<div class=\"elementor-container elementor-column-gap-default\">\n\t\t\t\t\t<div class=\"elementor-column elementor-col-50 elementor-top-column elementor-element elementor-element-a116f52\" data-id=\"a116f52\" data-element_type=\"column\">\n\t\t\t<div class=\"elementor-widget-wrap elementor-element-populated\">\n\t\t\t\t\t\t<div class=\"elementor-element elementor-element-1442912 elementor-widget elementor-widget-image\" data-id=\"1442912\" data-element_type=\"widget\" data-widget_type=\"image.default\">\n\t\t\t\t<div class=\"elementor-widget-container\">\n\t\t\t\t\t\t\t\t\t\t\t\t\t\t\t<img fetchpriority=\"high\" decoding=\"async\" width=\"1920\" height=\"1080\" src=\"https:\/\/www.nordicalrent.ee\/wp-content\/uploads\/2024\/11\/Nordical-Puhkemaja-2.jpg\" class=\"attachment-full size-full wp-image-752\" alt=\"\" srcset=\"https:\/\/www.nordicalrent.ee\/wp-content\/uploads\/2024\/11\/Nordical-Puhkemaja-2.jpg 1920w, https:\/\/www.nordicalrent.ee\/wp-content\/uploads\/2024\/11\/Nordical-Puhkemaja-2-300x169.jpg 300w, https:\/\/www.nordicalrent.ee\/wp-content\/uploads\/2024\/11\/Nordical-Puhkemaja-2-1024x576.jpg 1024w, https:\/\/www.nordicalrent.ee\/wp-content\/uploads\/2024\/11\/Nordical-Puhkemaja-2-768x432.jpg 768w, https:\/\/www.nordicalrent.ee\/wp-content\/uploads\/2024\/11\/Nordical-Puhkemaja-2-1536x864.jpg 1536w, https:\/\/www.nordicalrent.ee\/wp-content\/uploads\/2024\/11\/Nordical-Puhkemaja-2-18x10.jpg 18w\" sizes=\"(max-width: 1920px) 100vw, 1920px\" \/>\t\t\t\t\t\t\t\t\t\t\t\t\t\t\t<\/div>\n\t\t\t\t<\/div>\n\t\t\t\t\t<\/div>\n\t\t<\/div>\n\t\t\t\t<div class=\"elementor-column elementor-col-50 elementor-top-column elementor-element elementor-element-7e772ee\" data-id=\"7e772ee\" data-element_type=\"column\">\n\t\t\t<div class=\"elementor-widget-wrap elementor-element-populated\">\n\t\t\t\t\t\t<div class=\"elementor-element elementor-element-dfd3c58 elementor-widget elementor-widget-text-editor\" data-id=\"dfd3c58\" data-element_type=\"widget\" data-widget_type=\"text-editor.default\">\n\t\t\t\t<div class=\"elementor-widget-container\">\n\t\t\t\t\t\t\t\t\tM\u00e4nglev Otep\u00e4\u00e4 kuppelmaastik, \u00fcrgse ja puutumatu looduse harmoonia- siit leiad t\u00f5elise puhkuse iseendale ja oma perele. Peida end igap\u00e4eva t\u00f6\u00f6rutiinist ja p\u00f5gene pingetest puhta looduse r\u00fcppe, kaotades ajataju, et nautida imelisi hetki rahulikus keskkonnas. Looduse l\u00e4heduses viibimine muudab sind sisemiselt rahulikumaks ja annab v\u00f5imaluse olla t\u00e4ielikus kohalolus.\nNordical Puhkemaja on just \u00f5ige suuruse ja avarusega teile kahele v\u00f5i kuni neljaliikmelisele perele. K\u00f5ik vajalik on mahutatud \u201clooduse hotellitoa\u201d pinnale. Maja juurde kuulub avar vaade lummava looduse keskel, liigirohke heinamaa, l\u00f5kkease ja varikatusega kaetud terrass, et saaksite nautida v\u00e4rskes \u00f5hus l\u00f5\u00f5gastumist ja einestamist kasv\u00f5i aastaringselt.\n\nEnnast unustavalt tundmise koht!\t\t\t\t\t\t\t\t<\/div>\n\t\t\t\t<\/div>\n\t\t\t\t<div class=\"elementor-element elementor-element-240a10d elementor-widget elementor-widget-shortcode\" data-id=\"240a10d\" data-element_type=\"widget\" data-widget_type=\"shortcode.default\">\n\t\t\t\t<div class=\"elementor-widget-container\">\n\t\t\t\t\t\t\t<div class=\"elementor-shortcode\">\t<a class=\"paoc-popup-click paoc-popup-cust-589 paoc-popup-button paoc-popup-btn elementor-button  popupaoc-black\" href=\"javascript:void(0);\">FIND OUT MORE<\/a>\r\n<\/div>\n\t\t\t\t\t\t<\/div>\n\t\t\t\t<\/div>\n\t\t\t\t\t<\/div>\n\t\t<\/div>\n\t\t\t\t\t<\/div>\n\t\t<\/section>\n\t\t\t\t<section class=\"elementor-section elementor-top-section elementor-element elementor-element-ee24c10 elementor-section-boxed elementor-section-height-default elementor-section-height-default\" data-id=\"ee24c10\" data-element_type=\"section\">\n\t\t\t\t\t\t<div class=\"elementor-container elementor-column-gap-default\">\n\t\t\t\t\t<div class=\"elementor-column elementor-col-100 elementor-top-column elementor-element elementor-element-a912eb5\" data-id=\"a912eb5\" data-element_type=\"column\">\n\t\t\t<div class=\"elementor-widget-wrap elementor-element-populated\">\n\t\t\t\t\t\t<div class=\"elementor-element elementor-element-deeb5c2 elementor-widget elementor-widget-heading\" data-id=\"deeb5c2\" data-element_type=\"widget\" data-widget_type=\"heading.default\">\n\t\t\t\t<div class=\"elementor-widget-container\">\n\t\t\t\t\t<h2 class=\"elementor-heading-title elementor-size-default\">NORDICAL HOLIDAY HOUSE<\/h2>\t\t\t\t<\/div>\n\t\t\t\t<\/div>\n\t\t\t\t\t<\/div>\n\t\t<\/div>\n\t\t\t\t\t<\/div>\n\t\t<\/section>\n\t\t\t\t<section class=\"elementor-section elementor-top-section elementor-element elementor-element-161224e elementor-section-content-top elementor-reverse-mobile elementor-section-boxed elementor-section-height-default elementor-section-height-default\" data-id=\"161224e\" data-element_type=\"section\" data-settings=\"{&quot;background_background&quot;:&quot;classic&quot;}\">\n\t\t\t\t\t\t<div class=\"elementor-container elementor-column-gap-no\">\n\t\t\t\t\t<div class=\"elementor-column elementor-col-50 elementor-top-column elementor-element elementor-element-3798dd5\" data-id=\"3798dd5\" data-element_type=\"column\">\n\t\t\t<div class=\"elementor-widget-wrap elementor-element-populated\">\n\t\t\t\t\t\t<div class=\"elementor-element elementor-element-8cbd118 elementor-widget elementor-widget-text-editor\" data-id=\"8cbd118\" data-element_type=\"widget\" data-widget_type=\"text-editor.default\">\n\t\t\t\t<div class=\"elementor-widget-container\">\n\t\t\t\t\t\t\t\t\t<p><strong>NORDICAL HOLIDAY HOUSE<\/strong> on p\u00e4ikesek\u00fcllase ja panoraamvaatega puhtale ning mitmek\u00fclgsele loodusele. Siit leiad m\u00f5nusa sauna ja mahedat leili pakkuva puuk\u00fcttekerise, mida saab iga puhkaja ise kuivanud lepapuuga k\u00fctta.<\/p>\t\t\t\t\t\t\t\t<\/div>\n\t\t\t\t<\/div>\n\t\t\t\t<div class=\"elementor-element elementor-element-425e51b elementor-widget elementor-widget-shortcode\" data-id=\"425e51b\" data-element_type=\"widget\" data-widget_type=\"shortcode.default\">\n\t\t\t\t<div class=\"elementor-widget-container\">\n\t\t\t\t\t\t\t<div class=\"elementor-shortcode\">\t<a class=\"paoc-popup-click paoc-popup-cust-584 paoc-popup-button paoc-popup-btn elementor-button  popupaoc-black\" href=\"javascript:void(0);\">FIND OUT MORE<\/a>\r\n<\/div>\n\t\t\t\t\t\t<\/div>\n\t\t\t\t<\/div>\n\t\t\t\t<div class=\"elementor-element elementor-element-8b894e8 elementor-widget elementor-widget-image\" data-id=\"8b894e8\" data-element_type=\"widget\" data-widget_type=\"image.default\">\n\t\t\t\t<div class=\"elementor-widget-container\">\n\t\t\t\t\t\t\t\t\t\t\t\t\t\t\t<img decoding=\"async\" width=\"1920\" height=\"1080\" src=\"https:\/\/www.nordicalrent.ee\/wp-content\/uploads\/2025\/08\/Jaanipaev-3.jpg\" class=\"attachment-full size-full wp-image-845\" alt=\"\" srcset=\"https:\/\/www.nordicalrent.ee\/wp-content\/uploads\/2025\/08\/Jaanipaev-3.jpg 1920w, https:\/\/www.nordicalrent.ee\/wp-content\/uploads\/2025\/08\/Jaanipaev-3-300x169.jpg 300w, https:\/\/www.nordicalrent.ee\/wp-content\/uploads\/2025\/08\/Jaanipaev-3-1024x576.jpg 1024w, https:\/\/www.nordicalrent.ee\/wp-content\/uploads\/2025\/08\/Jaanipaev-3-768x432.jpg 768w, https:\/\/www.nordicalrent.ee\/wp-content\/uploads\/2025\/08\/Jaanipaev-3-1536x864.jpg 1536w, https:\/\/www.nordicalrent.ee\/wp-content\/uploads\/2025\/08\/Jaanipaev-3-18x10.jpg 18w\" sizes=\"(max-width: 1920px) 100vw, 1920px\" \/>\t\t\t\t\t\t\t\t\t\t\t\t\t\t\t<\/div>\n\t\t\t\t<\/div>\n\t\t\t\t\t<\/div>\n\t\t<\/div>\n\t\t\t\t<div class=\"elementor-column elementor-col-50 elementor-top-column elementor-element elementor-element-3b0194f\" data-id=\"3b0194f\" data-element_type=\"column\">\n\t\t\t<div class=\"elementor-widget-wrap elementor-element-populated\">\n\t\t\t\t\t\t<div class=\"elementor-element elementor-element-12dbe33 elementor-widget elementor-widget-spacer\" data-id=\"12dbe33\" data-element_type=\"widget\" data-widget_type=\"spacer.default\">\n\t\t\t\t<div class=\"elementor-widget-container\">\n\t\t\t\t\t\t\t<div class=\"elementor-spacer\">\n\t\t\t<div class=\"elementor-spacer-inner\"><\/div>\n\t\t<\/div>\n\t\t\t\t\t\t<\/div>\n\t\t\t\t<\/div>\n\t\t\t\t<div class=\"elementor-element elementor-element-07961b0 elementor-widget elementor-widget-image\" data-id=\"07961b0\" data-element_type=\"widget\" data-widget_type=\"image.default\">\n\t\t\t\t<div class=\"elementor-widget-container\">\n\t\t\t\t\t\t\t\t\t\t\t\t\t\t\t<img decoding=\"async\" width=\"1920\" height=\"1080\" src=\"https:\/\/www.nordicalrent.ee\/wp-content\/uploads\/2025\/08\/Saun-2.jpg\" class=\"attachment-full size-full wp-image-872\" alt=\"\" srcset=\"https:\/\/www.nordicalrent.ee\/wp-content\/uploads\/2025\/08\/Saun-2.jpg 1920w, https:\/\/www.nordicalrent.ee\/wp-content\/uploads\/2025\/08\/Saun-2-300x169.jpg 300w, https:\/\/www.nordicalrent.ee\/wp-content\/uploads\/2025\/08\/Saun-2-1024x576.jpg 1024w, https:\/\/www.nordicalrent.ee\/wp-content\/uploads\/2025\/08\/Saun-2-768x432.jpg 768w, https:\/\/www.nordicalrent.ee\/wp-content\/uploads\/2025\/08\/Saun-2-1536x864.jpg 1536w, https:\/\/www.nordicalrent.ee\/wp-content\/uploads\/2025\/08\/Saun-2-18x10.jpg 18w\" sizes=\"(max-width: 1920px) 100vw, 1920px\" \/>\t\t\t\t\t\t\t\t\t\t\t\t\t\t\t<\/div>\n\t\t\t\t<\/div>\n\t\t\t\t<div class=\"elementor-element elementor-element-831ef95 elementor-widget elementor-widget-image\" data-id=\"831ef95\" data-element_type=\"widget\" data-widget_type=\"image.default\">\n\t\t\t\t<div class=\"elementor-widget-container\">\n\t\t\t\t\t\t\t\t\t\t\t\t\t\t\t<img loading=\"lazy\" decoding=\"async\" width=\"1920\" height=\"1440\" src=\"https:\/\/www.nordicalrent.ee\/wp-content\/uploads\/2025\/08\/Saun-1.jpg\" class=\"attachment-full size-full wp-image-871\" alt=\"\" srcset=\"https:\/\/www.nordicalrent.ee\/wp-content\/uploads\/2025\/08\/Saun-1.jpg 1920w, https:\/\/www.nordicalrent.ee\/wp-content\/uploads\/2025\/08\/Saun-1-300x225.jpg 300w, https:\/\/www.nordicalrent.ee\/wp-content\/uploads\/2025\/08\/Saun-1-1024x768.jpg 1024w, https:\/\/www.nordicalrent.ee\/wp-content\/uploads\/2025\/08\/Saun-1-768x576.jpg 768w, https:\/\/www.nordicalrent.ee\/wp-content\/uploads\/2025\/08\/Saun-1-1536x1152.jpg 1536w, https:\/\/www.nordicalrent.ee\/wp-content\/uploads\/2025\/08\/Saun-1-16x12.jpg 16w\" sizes=\"(max-width: 1920px) 100vw, 1920px\" \/>\t\t\t\t\t\t\t\t\t\t\t\t\t\t\t<\/div>\n\t\t\t\t<\/div>\n\t\t\t\t\t<\/div>\n\t\t<\/div>\n\t\t\t\t\t<\/div>\n\t\t<\/section>\n\t\t\t\t<section class=\"elementor-section elementor-top-section elementor-element elementor-element-47fee13 elementor-section-boxed elementor-section-height-default elementor-section-height-default\" data-id=\"47fee13\" data-element_type=\"section\">\n\t\t\t\t\t\t<div class=\"elementor-container elementor-column-gap-default\">\n\t\t\t\t\t<div class=\"elementor-column elementor-col-100 elementor-top-column elementor-element elementor-element-1cae492\" data-id=\"1cae492\" data-element_type=\"column\">\n\t\t\t<div class=\"elementor-widget-wrap elementor-element-populated\">\n\t\t\t\t\t\t<section class=\"elementor-section elementor-inner-section elementor-element elementor-element-16c2781 elementor-section-boxed elementor-section-height-default elementor-section-height-default\" data-id=\"16c2781\" data-element_type=\"section\">\n\t\t\t\t\t\t<div class=\"elementor-container elementor-column-gap-default\">\n\t\t\t\t\t<div class=\"elementor-column elementor-col-50 elementor-inner-column elementor-element elementor-element-bba0f7d\" data-id=\"bba0f7d\" data-element_type=\"column\">\n\t\t\t<div class=\"elementor-widget-wrap elementor-element-populated\">\n\t\t\t\t\t\t<div class=\"elementor-element elementor-element-b688a69 elementor-vertical-align-top elementor-widget elementor-widget-image-box\" data-id=\"b688a69\" data-element_type=\"widget\" data-widget_type=\"image-box.default\">\n\t\t\t\t<div class=\"elementor-widget-container\">\n\t\t\t\t\t<div class=\"elementor-image-box-wrapper\"><div class=\"elementor-image-box-content\"><h2 class=\"elementor-image-box-title\">DISCOVER SOUTHERN ESTONIA!<\/h2><p class=\"elementor-image-box-description\"><br>\nThe village of Kastolats is not far away from everything, but that's how you can feel here. Due to the sparse population, it is quiet and peaceful here, a person coming from Tartu can reach the place in about half an hour by car.\n<br><br>\nThe enchanting Otep\u00e4\u00e4, Tehvandi Sprodikeskus, P\u00fchaj\u00e4rv, several hiking and skiing trails, lakes, castles, parks and other places of natural beauty are nearby. See also WHERE TO GO? to the page.<\/p><\/div><\/div>\t\t\t\t<\/div>\n\t\t\t\t<\/div>\n\t\t\t\t<div class=\"elementor-element elementor-element-0ee0147 elementor-widget elementor-widget-shortcode\" data-id=\"0ee0147\" data-element_type=\"widget\" data-widget_type=\"shortcode.default\">\n\t\t\t\t<div class=\"elementor-widget-container\">\n\t\t\t\t\t\t\t<div class=\"elementor-shortcode\">\t<a class=\"paoc-popup-click paoc-popup-cust-578 paoc-popup-button paoc-popup-btn elementor-button  popupaoc-black\" href=\"javascript:void(0);\">HOW TO GET HERE?<\/a>\r\n<\/div>\n\t\t\t\t\t\t<\/div>\n\t\t\t\t<\/div>\n\t\t\t\t\t<\/div>\n\t\t<\/div>\n\t\t\t\t<div class=\"elementor-column elementor-col-50 elementor-inner-column elementor-element elementor-element-6e6a6f5\" data-id=\"6e6a6f5\" data-element_type=\"column\">\n\t\t\t<div class=\"elementor-widget-wrap elementor-element-populated\">\n\t\t\t\t\t\t<div class=\"elementor-element elementor-element-99c1574 elementor-widget elementor-widget-image\" data-id=\"99c1574\" data-element_type=\"widget\" data-widget_type=\"image.default\">\n\t\t\t\t<div class=\"elementor-widget-container\">\n\t\t\t\t\t\t\t\t\t\t\t\t\t\t\t<img loading=\"lazy\" decoding=\"async\" width=\"1440\" height=\"1920\" src=\"https:\/\/www.nordicalrent.ee\/wp-content\/uploads\/2025\/08\/Jaanipaev-2025-1.jpg\" class=\"attachment-full size-full wp-image-835\" alt=\"\" srcset=\"https:\/\/www.nordicalrent.ee\/wp-content\/uploads\/2025\/08\/Jaanipaev-2025-1.jpg 1440w, https:\/\/www.nordicalrent.ee\/wp-content\/uploads\/2025\/08\/Jaanipaev-2025-1-225x300.jpg 225w, https:\/\/www.nordicalrent.ee\/wp-content\/uploads\/2025\/08\/Jaanipaev-2025-1-768x1024.jpg 768w, https:\/\/www.nordicalrent.ee\/wp-content\/uploads\/2025\/08\/Jaanipaev-2025-1-1152x1536.jpg 1152w, https:\/\/www.nordicalrent.ee\/wp-content\/uploads\/2025\/08\/Jaanipaev-2025-1-9x12.jpg 9w\" sizes=\"(max-width: 1440px) 100vw, 1440px\" \/>\t\t\t\t\t\t\t\t\t\t\t\t\t\t\t<\/div>\n\t\t\t\t<\/div>\n\t\t\t\t\t<\/div>\n\t\t<\/div>\n\t\t\t\t\t<\/div>\n\t\t<\/section>\n\t\t\t\t\t<\/div>\n\t\t<\/div>\n\t\t\t\t\t<\/div>\n\t\t<\/section>\n\t\t\t\t<section class=\"elementor-section elementor-top-section elementor-element elementor-element-a158c2e elementor-section-boxed elementor-section-height-default elementor-section-height-default\" data-id=\"a158c2e\" data-element_type=\"section\">\n\t\t\t\t\t\t<div class=\"elementor-container elementor-column-gap-default\">\n\t\t\t\t\t<div class=\"elementor-column elementor-col-100 elementor-top-column elementor-element elementor-element-b4bc047\" data-id=\"b4bc047\" data-element_type=\"column\">\n\t\t\t<div class=\"elementor-widget-wrap elementor-element-populated\">\n\t\t\t\t\t\t<div class=\"elementor-element elementor-element-ef89c4b elementor-widget elementor-widget-google_maps\" data-id=\"ef89c4b\" data-element_type=\"widget\" data-widget_type=\"google_maps.default\">\n\t\t\t\t<div class=\"elementor-widget-container\">\n\t\t\t\t\t\t\t<div class=\"elementor-custom-embed\">\n\t\t\t<iframe loading=\"lazy\"\n\t\t\t\t\tsrc=\"https:\/\/maps.google.com\/maps?q=58%C2%B005%2712.7%22N%2026%C2%B029%2733.1%22E&#038;t=m&#038;z=10&#038;output=embed&#038;iwloc=near\"\n\t\t\t\t\ttitle=\"58\u00b005&#039;12.7&quot;N 26\u00b029&#039;33.1&quot;E\"\n\t\t\t\t\taria-label=\"58\u00b005&#039;12.7&quot;N 26\u00b029&#039;33.1&quot;E\"\n\t\t\t><\/iframe>\n\t\t<\/div>\n\t\t\t\t\t\t<\/div>\n\t\t\t\t<\/div>\n\t\t\t\t\t<\/div>\n\t\t<\/div>\n\t\t\t\t\t<\/div>\n\t\t<\/section>\n\t\t\t\t<section class=\"elementor-section elementor-top-section elementor-element elementor-element-caab4e6 elementor-section-boxed elementor-section-height-default elementor-section-height-default\" data-id=\"caab4e6\" data-element_type=\"section\" data-settings=\"{&quot;background_background&quot;:&quot;classic&quot;}\">\n\t\t\t\t\t\t\t<div class=\"elementor-background-overlay\"><\/div>\n\t\t\t\t\t\t\t<div class=\"elementor-container elementor-column-gap-no\">\n\t\t\t\t\t<div class=\"elementor-column elementor-col-100 elementor-top-column elementor-element elementor-element-a95a033\" data-id=\"a95a033\" data-element_type=\"column\">\n\t\t\t<div class=\"elementor-widget-wrap elementor-element-populated\">\n\t\t\t\t\t\t<div class=\"elementor-element elementor-element-1acf682 elementor-widget elementor-widget-heading\" data-id=\"1acf682\" data-element_type=\"widget\" data-widget_type=\"heading.default\">\n\t\t\t\t<div class=\"elementor-widget-container\">\n\t\t\t\t\t<h2 class=\"elementor-heading-title elementor-size-default\">Relax is all You need!\n<br>\nHere you are kept!<\/h2>\t\t\t\t<\/div>\n\t\t\t\t<\/div>\n\t\t\t\t<div class=\"elementor-element elementor-element-136d21f elementor-align-center elementor-widget elementor-widget-button\" data-id=\"136d21f\" data-element_type=\"widget\" data-widget_type=\"button.default\">\n\t\t\t\t<div class=\"elementor-widget-container\">\n\t\t\t\t\t\t\t\t\t<div class=\"elementor-button-wrapper\">\n\t\t\t\t\t<a class=\"elementor-button elementor-button-link elementor-size-sm\" href=\"https:\/\/www.nordicalrent.ee\/en\/broneering\/\">\n\t\t\t\t\t\t<span class=\"elementor-button-content-wrapper\">\n\t\t\t\t\t\t\t\t\t<span class=\"elementor-button-text\">BOOK ACCOMMODATION<\/span>\n\t\t\t\t\t<\/span>\n\t\t\t\t\t<\/a>\n\t\t\t\t<\/div>\n\t\t\t\t\t\t\t\t<\/div>\n\t\t\t\t<\/div>\n\t\t\t\t\t<\/div>\n\t\t<\/div>\n\t\t\t\t\t<\/div>\n\t\t<\/section>\n\t\t\t\t<\/div>","protected":false},"excerpt":{"rendered":"<p>Puhkus, mida Sa vajad! BRONEERI MAJUTUS M\u00e4nglev Otep\u00e4\u00e4 kuppelmaastik, \u00fcrgse ja puutumatu looduse harmoonia- siit leiad t\u00f5elise puhkuse iseendale ja oma perele. Peida end igap\u00e4eva t\u00f6\u00f6rutiinist ja p\u00f5gene pingetest puhta looduse r\u00fcppe, kaotades ajataju, et nautida imelisi hetki rahulikus keskkonnas. Looduse l\u00e4heduses viibimine muudab sind sisemiselt rahulikumaks ja annab v\u00f5imaluse olla t\u00e4ielikus kohalolus. Nordical Puhkemaja [&hellip;]<\/p>","protected":false},"author":1,"featured_media":0,"parent":0,"menu_order":0,"comment_status":"closed","ping_status":"closed","template":"elementor_header_footer","meta":{"site-sidebar-layout":"no-sidebar","site-content-layout":"page-builder","ast-site-content-layout":"default","site-content-style":"default","site-sidebar-style":"default","ast-global-header-display":"","ast-banner-title-visibility":"","ast-main-header-display":"","ast-hfb-above-header-display":"","ast-hfb-below-header-display":"","ast-hfb-mobile-header-display":"","site-post-title":"disabled","ast-breadcrumbs-content":"","ast-featured-img":"disabled","footer-sml-layout":"","ast-disable-related-posts":"","theme-transparent-header-meta":"enabled","adv-header-id-meta":"","stick-header-meta":"","header-above-stick-meta":"","header-main-stick-meta":"","header-below-stick-meta":"","astra-migrate-meta-layouts":"default","ast-page-background-enabled":"default","ast-page-background-meta":{"desktop":{"background-color":"","background-image":"","background-repeat":"repeat","background-position":"center center","background-size":"auto","background-attachment":"scroll","background-type":"","background-media":"","overlay-type":"","overlay-color":"","overlay-opacity":"","overlay-gradient":""},"tablet":{"background-color":"","background-image":"","background-repeat":"repeat","background-position":"center center","background-size":"auto","background-attachment":"scroll","background-type":"","background-media":"","overlay-type":"","overlay-color":"","overlay-opacity":"","overlay-gradient":""},"mobile":{"background-color":"","background-image":"","background-repeat":"repeat","background-position":"center center","background-size":"auto","background-attachment":"scroll","background-type":"","background-media":"","overlay-type":"","overlay-color":"","overlay-opacity":"","overlay-gradient":""}},"ast-content-background-meta":{"desktop":{"background-color":"var(--ast-global-color-5)","background-image":"","background-repeat":"repeat","background-position":"center center","background-size":"auto","background-attachment":"scroll","background-type":"","background-media":"","overlay-type":"","overlay-color":"","overlay-opacity":"","overlay-gradient":""},"tablet":{"background-color":"var(--ast-global-color-5)","background-image":"","background-repeat":"repeat","background-position":"center center","background-size":"auto","background-attachment":"scroll","background-type":"","background-media":"","overlay-type":"","overlay-color":"","overlay-opacity":"","overlay-gradient":""},"mobile":{"background-color":"var(--ast-global-color-5)","background-image":"","background-repeat":"repeat","background-position":"center center","background-size":"auto","background-attachment":"scroll","background-type":"","background-media":"","overlay-type":"","overlay-color":"","overlay-opacity":"","overlay-gradient":""}},"footnotes":""},"class_list":["post-395","page","type-page","status-publish","hentry"],"jetpack_sharing_enabled":true,"_links":{"self":[{"href":"https:\/\/www.nordicalrent.ee\/en\/wp-json\/wp\/v2\/pages\/395","targetHints":{"allow":["GET"]}}],"collection":[{"href":"https:\/\/www.nordicalrent.ee\/en\/wp-json\/wp\/v2\/pages"}],"about":[{"href":"https:\/\/www.nordicalrent.ee\/en\/wp-json\/wp\/v2\/types\/page"}],"author":[{"embeddable":true,"href":"https:\/\/www.nordicalrent.ee\/en\/wp-json\/wp\/v2\/users\/1"}],"replies":[{"embeddable":true,"href":"https:\/\/www.nordicalrent.ee\/en\/wp-json\/wp\/v2\/comments?post=395"}],"version-history":[{"count":5,"href":"https:\/\/www.nordicalrent.ee\/en\/wp-json\/wp\/v2\/pages\/395\/revisions"}],"predecessor-version":[{"id":915,"href":"https:\/\/www.nordicalrent.ee\/en\/wp-json\/wp\/v2\/pages\/395\/revisions\/915"}],"wp:attachment":[{"href":"https:\/\/www.nordicalrent.ee\/en\/wp-json\/wp\/v2\/media?parent=395"}],"curies":[{"name":"wp","href":"https:\/\/api.w.org\/{rel}","templated":true}]}}